{"id":597,"date":"2023-03-01T07:57:07","date_gmt":"2023-03-01T07:57:07","guid":{"rendered":"http:\/\/getafereutiliza.es\/?page_id=597"},"modified":"2023-04-04T08:44:21","modified_gmt":"2023-04-04T07:44:21","slug":"como-donar","status":"publish","type":"page","link":"https:\/\/getafereutiliza.es\/?page_id=597","title":{"rendered":"Como donar"},"content":{"rendered":"<p>[et_pb_section fb_built=&#8221;1&#8243; _builder_version=&#8221;4.14.8&#8243; _module_preset=&#8221;default&#8221; background_color=&#8221;#005b98&#8243; module_alignment=&#8221;center&#8221; custom_margin=&#8221;162px||0px||false|false&#8221; custom_margin_tablet=&#8221;130px||||false|false&#8221; custom_margin_phone=&#8221;0px||||false|false&#8221; custom_margin_last_edited=&#8221;on|phone&#8221; custom_padding=&#8221;0px||0px||false|false&#8221; global_colors_info=&#8221;{}&#8221;][et_pb_row column_structure=&#8221;1_5,3_5,1_5&#8243; use_custom_gutter=&#8221;on&#8221; make_equal=&#8221;on&#8221; custom_padding_last_edited=&#8221;on|phone&#8221; _builder_version=&#8221;4.14.8&#8243; _module_preset=&#8221;default&#8221; background_color=&#8221;#005b98&#8243; width=&#8221;100%&#8221; max_width=&#8221;90%&#8221; max_width_tablet=&#8221;1100px&#8221; max_width_phone=&#8221;90%&#8221; max_width_last_edited=&#8221;on|phone&#8221; module_alignment=&#8221;center&#8221; custom_margin_tablet=&#8221;&#8221; custom_margin_phone=&#8221;&#8221; custom_margin_last_edited=&#8221;on|phone&#8221; custom_padding_tablet=&#8221;&#8221; custom_padding_phone=&#8221;&#8221; global_colors_info=&#8221;{}&#8221;][et_pb_column type=&#8221;1_5&#8243; _builder_version=&#8221;4.14.8&#8243; _module_preset=&#8221;default&#8221; global_colors_info=&#8221;{}&#8221;][et_pb_image src=&#8221;http:\/\/getafereutiliza.es\/wp-content\/uploads\/2023\/03\/Recurso-12@3x.png&#8221; title_text=&#8221;Reduce, Re\u00fasa, Recycla&#8221; _builder_version=&#8221;4.14.8&#8243; _module_preset=&#8221;default&#8221; width=&#8221;100%&#8221; max_width=&#8221;100%&#8221; custom_margin=&#8221;30%|||30%|false|false&#8221; custom_margin_tablet=&#8221;100px||||false|false&#8221; custom_margin_phone=&#8221;0px|0px|||false|false&#8221; custom_margin_last_edited=&#8221;on|desktop&#8221; custom_padding=&#8221;||||false|false&#8221; global_colors_info=&#8221;{}&#8221;][\/et_pb_image][et_pb_blurb url=&#8221;@ET-DC@eyJkeW5hbWljIjp0cnVlLCJjb250ZW50IjoicG9zdF9saW5rX3VybF9wYWdlIiwic2V0dGluZ3MiOnsicG9zdF9pZCI6Ijk0In19@&#8221; image=&#8221;http:\/\/getafereutiliza.es\/wp-content\/uploads\/2023\/03\/Recurso-34@3x.png&#8221; content_max_width=&#8221;100%&#8221; _builder_version=&#8221;4.14.8&#8243; _dynamic_attributes=&#8221;url&#8221; _module_preset=&#8221;default&#8221; width=&#8221;100%&#8221; max_width=&#8221;100%&#8221; custom_margin=&#8221;50%|||35%|false|false&#8221; custom_margin_tablet=&#8221;150px||||false|false&#8221; custom_margin_phone=&#8221;0px|0px|||false|false&#8221; custom_margin_last_edited=&#8221;on|desktop&#8221; custom_padding=&#8221;|0px|||false|false&#8221; hover_enabled=&#8221;0&#8243; global_colors_info=&#8221;{}&#8221; sticky_enabled=&#8221;0&#8243;][\/et_pb_blurb][\/et_pb_column][et_pb_column type=&#8221;3_5&#8243; _builder_version=&#8221;4.14.8&#8243; _module_preset=&#8221;default&#8221; global_colors_info=&#8221;{}&#8221;][et_pb_text _builder_version=&#8221;4.14.8&#8243; _module_preset=&#8221;default&#8221; text_font=&#8221;Alata||||||||&#8221; text_font_size=&#8221;14px&#8221; header_font=&#8221;Alata|700|||||||&#8221; header_font_size=&#8221;20px&#8221; header_3_font=&#8221;Alata||||||||&#8221; header_3_font_size=&#8221;16px&#8221; width=&#8221;100%&#8221; max_width=&#8221;100%&#8221; module_alignment=&#8221;center&#8221; custom_margin=&#8221;||||false|false&#8221; custom_padding=&#8221;||0px|25%|false|false&#8221; custom_padding_tablet=&#8221;|0px||100px|false|false&#8221; custom_padding_phone=&#8221;|||0px|false|false&#8221; custom_padding_last_edited=&#8221;on|phone&#8221; hover_enabled=&#8221;0&#8243; global_colors_info=&#8221;{}&#8221; sticky_enabled=&#8221;0&#8243;]<\/p>\n<h1>COMO DONAR<\/h1>\n<p>&nbsp;<\/p>\n<p>Todos aquellos ciudadanos\/as, comercios y empresas que ya no<br \/>necesitan un producto, pero consideren que puede ser reutilizado tienen<br \/>la posibilidad de donarlo en:<\/p>\n<p>&nbsp;<\/p>\n<h3>\u2022 Las instalaciones de Getafe Reutiliza situadas en<br \/>el centro de Empresas de Getafe en la calle<br \/>Carpinteros s\/n.<\/h3>\n<h3>\u2022 Los puntos limpios y el punto limpio m\u00f3vil.<\/h3>\n<h3>\u2022 Mediante esta web.<\/h3>\n<p>&nbsp;<\/p>\n<p>LYMA llevar\u00e1 a cabo una evaluaci\u00f3n de los productos para detectar los<br \/>art\u00edculos objeto de reutilizaci\u00f3n. No se admitir\u00e1n art\u00edculos que no<br \/>funcionen, les falten piezas, etc, as\u00ed como aquellos que no cumplan unas<br \/>condiciones de higiene o no se encuentren catalogados en alguna de las<br \/>categor\u00edas de producto que aparecen en la web de Getafe Reutiliza.<\/p>\n<p>[\/et_pb_text][\/et_pb_column][et_pb_column type=&#8221;1_5&#8243; _builder_version=&#8221;4.14.8&#8243; _module_preset=&#8221;default&#8221; global_colors_info=&#8221;{}&#8221;][et_pb_image src=&#8221;http:\/\/getafereutiliza.es\/wp-content\/uploads\/2023\/03\/Recurso-20@3x.png&#8221; title_text=&#8221;Reutiliza&#8221; _builder_version=&#8221;4.14.8&#8243; _module_preset=&#8221;default&#8221; width=&#8221;100%&#8221; max_width=&#8221;70%&#8221; max_width_tablet=&#8221;90%&#8221; max_width_phone=&#8221;40%&#8221; max_width_last_edited=&#8221;on|phone&#8221; module_alignment=&#8221;center&#8221; custom_margin=&#8221;||||false|false&#8221; custom_margin_tablet=&#8221;100px|||-1333px|false|false&#8221; custom_margin_phone=&#8221;0px|||0px|false|false&#8221; custom_margin_last_edited=&#8221;on|phone&#8221; custom_padding=&#8221;||||false|false&#8221; global_colors_info=&#8221;{}&#8221;][\/et_pb_image][\/et_pb_column][\/et_pb_row][\/et_pb_section]<\/p>\n","protected":false},"excerpt":{"rendered":"<p>COMO DONAR &nbsp; Todos aquellos ciudadanos\/as, comercios y empresas que ya nonecesitan un producto, pero consideren que puede ser reutilizado tienenla posibilidad de donarlo en: &nbsp; \u2022 Las instalaciones de Getafe Reutiliza situadas enel centro de Empresas de Getafe en la calleCarpinteros s\/n. \u2022 Los puntos limpios y el punto limpio m\u00f3vil. \u2022 Mediante esta [&hellip;]<\/p>\n","protected":false},"author":1,"featured_media":0,"parent":0,"menu_order":0,"comment_status":"closed","ping_status":"closed","template":"","meta":{"_et_pb_use_builder":"on","_et_pb_old_content":"","_et_gb_content_width":"","footnotes":""},"class_list":["post-597","page","type-page","status-publish","hentry"],"_links":{"self":[{"href":"https:\/\/getafereutiliza.es\/index.php?rest_route=\/wp\/v2\/pages\/597","targetHints":{"allow":["GET"]}}],"collection":[{"href":"https:\/\/getafereutiliza.es\/index.php?rest_route=\/wp\/v2\/pages"}],"about":[{"href":"https:\/\/getafereutiliza.es\/index.php?rest_route=\/wp\/v2\/types\/page"}],"author":[{"embeddable":true,"href":"https:\/\/getafereutiliza.es\/index.php?rest_route=\/wp\/v2\/users\/1"}],"replies":[{"embeddable":true,"href":"https:\/\/getafereutiliza.es\/index.php?rest_route=%2Fwp%2Fv2%2Fcomments&post=597"}],"version-history":[{"count":17,"href":"https:\/\/getafereutiliza.es\/index.php?rest_route=\/wp\/v2\/pages\/597\/revisions"}],"predecessor-version":[{"id":2459,"href":"https:\/\/getafereutiliza.es\/index.php?rest_route=\/wp\/v2\/pages\/597\/revisions\/2459"}],"wp:attachment":[{"href":"https:\/\/getafereutiliza.es\/index.php?rest_route=%2Fwp%2Fv2%2Fmedia&parent=597"}],"curies":[{"name":"wp","href":"https:\/\/api.w.org\/{rel}","templated":true}]}}