{"id":801,"date":"2023-03-02T08:27:37","date_gmt":"2023-03-02T08:27:37","guid":{"rendered":"http:\/\/getafereutiliza.es\/?page_id=801"},"modified":"2023-04-04T08:22:51","modified_gmt":"2023-04-04T07:22:51","slug":"campanas","status":"publish","type":"page","link":"https:\/\/getafereutiliza.es\/?page_id=801","title":{"rendered":"Campa\u00f1as"},"content":{"rendered":"<p>[et_pb_section fb_built=&#8221;1&#8243; _builder_version=&#8221;4.14.8&#8243; _module_preset=&#8221;default&#8221; background_color=&#8221;#98a43c&#8221; custom_margin=&#8221;140px||0px||false|false&#8221; custom_margin_tablet=&#8221;130px||||false|false&#8221; custom_margin_phone=&#8221;0px||||false|false&#8221; custom_margin_last_edited=&#8221;on|desktop&#8221; custom_padding=&#8221;0px||0px||false|false&#8221; hover_enabled=&#8221;0&#8243; global_colors_info=&#8221;{}&#8221; sticky_enabled=&#8221;0&#8243;][et_pb_row column_structure=&#8221;1_2,1_2&#8243; _builder_version=&#8221;4.14.8&#8243; _module_preset=&#8221;default&#8221; background_color=&#8221;#98a43c&#8221; width=&#8221;100%&#8221; max_width=&#8221;90%&#8221; module_alignment=&#8221;center&#8221; hover_enabled=&#8221;0&#8243; global_colors_info=&#8221;{}&#8221; sticky_enabled=&#8221;0&#8243;][et_pb_column type=&#8221;1_2&#8243; _builder_version=&#8221;4.14.8&#8243; _module_preset=&#8221;default&#8221; global_colors_info=&#8221;{}&#8221;][et_pb_image src=&#8221;http:\/\/getafereutiliza.es\/wp-content\/uploads\/2023\/03\/Recurso-14@3x.png&#8221; _builder_version=&#8221;4.14.8&#8243; _module_preset=&#8221;default&#8221; width=&#8221;100%&#8221; max_width=&#8221;70%&#8221; module_alignment=&#8221;center&#8221; custom_margin=&#8221;15%|||15%|false|false&#8221; custom_margin_tablet=&#8221;15%|||20%|false|false&#8221; custom_margin_phone=&#8221;15%|||10%|false|false&#8221; custom_margin_last_edited=&#8221;on|desktop&#8221; custom_padding=&#8221;||||false|false&#8221; hover_enabled=&#8221;0&#8243; global_colors_info=&#8221;{}&#8221; sticky_enabled=&#8221;0&#8243;][\/et_pb_image][\/et_pb_column][et_pb_column type=&#8221;1_2&#8243; _builder_version=&#8221;4.14.8&#8243; _module_preset=&#8221;default&#8221; global_colors_info=&#8221;{}&#8221;][et_pb_text _builder_version=&#8221;4.14.8&#8243; _module_preset=&#8221;default&#8221; text_font=&#8221;Alata||||||||&#8221; text_text_color=&#8221;#FFFFFF&#8221; text_font_size=&#8221;15px&#8221; header_font=&#8221;Alata|700|||||||&#8221; header_text_align=&#8221;center&#8221; header_text_color=&#8221;#FFFFFF&#8221; header_font_size=&#8221;50px&#8221; header_2_font=&#8221;Alata|700|||||||&#8221; header_2_text_align=&#8221;center&#8221; header_2_text_color=&#8221;#e4e33b&#8221; header_2_font_size=&#8221;30px&#8221; header_3_font=&#8221;Alata||||||||&#8221; header_3_text_align=&#8221;center&#8221; header_3_text_color=&#8221;#e4e33b&#8221; header_3_font_size=&#8221;20px&#8221; header_6_font=&#8221;Alata||||||||&#8221; header_6_text_align=&#8221;center&#8221; header_6_text_color=&#8221;#FFFFFF&#8221; header_6_font_size=&#8221;16px&#8221; global_colors_info=&#8221;{}&#8221;]<\/p>\n<h1 style=\"text-align: center;\"><strong>DONA\u00a0<\/strong><\/h1>\n<p><strong><\/strong><\/p>\n<p><strong><\/strong><\/p>\n<h2 style=\"text-align: center;\"><strong>Donaciones de equipos electr\u00f3nicos<\/strong><\/h2>\n<h3 style=\"text-align: center;\">Por organizaciones y empresas<\/h3>\n<p>&nbsp;<\/p>\n<p><strong><\/strong><\/p>\n<p style=\"text-align: center;\"><strong>Si eres una organizaci\u00f3n o empresa y quieres colaborar donando<br \/>equipos inform\u00e1ticos u otros materiales (impresoras, monitores,<br \/>switch..) para su reutilizaci\u00f3n socialmente responsable, ahora<br \/>puedes colaborar con Getafe.<\/strong><\/p>\n<p style=\"text-align: center;\"><strong><\/strong><\/p>\n<p style=\"text-align: center;\"><strong><\/strong><\/p>\n<h6 style=\"text-align: center;\">Ordenadores en formato de sobremesa y torre \/ Monitores TFT de cualquier tama\u00f1o y<br \/>formato \/ Impresoras de tecnolog\u00eda l\u00e1ser \/ Servidores basados en INTEL y AMD \/ Productos<br \/>de comunicaciones; switches, routers, etc. \/ Hardware financiero \/ Accesorios inform\u00e1ticos<\/h6>\n<p>[\/et_pb_text][\/et_pb_column][\/et_pb_row][et_pb_row _builder_version=&#8221;4.14.8&#8243; _module_preset=&#8221;default&#8221; background_color=&#8221;#98a43c&#8221; width=&#8221;100%&#8221; max_width=&#8221;90%&#8221; global_colors_info=&#8221;{}&#8221;][et_pb_column type=&#8221;4_4&#8243; _builder_version=&#8221;4.14.8&#8243; _module_preset=&#8221;default&#8221; global_colors_info=&#8221;{}&#8221;][et_pb_text _builder_version=&#8221;4.14.8&#8243; _module_preset=&#8221;default&#8221; header_font=&#8221;Alata|700|||||||&#8221; header_text_align=&#8221;center&#8221; header_text_color=&#8221;#e4e33b&#8221; header_font_size=&#8221;20px&#8221; global_colors_info=&#8221;{}&#8221;]<\/p>\n<h1 style=\"text-align: center;\">Nos encargamos de las recogidas<br \/>y gesti\u00f3n responsable de parques inform\u00e1ticos de empresa<\/h1>\n<p>[\/et_pb_text][et_pb_button button_url=&#8221;@ET-DC@eyJkeW5hbWljIjp0cnVlLCJjb250ZW50IjoicG9zdF9saW5rX3VybF9wYWdlIiwic2V0dGluZ3MiOnsicG9zdF9pZCI6IjgyIn19@&#8221; button_text=&#8221;COLABORA CON NOSOTROS&#8221; button_alignment=&#8221;center&#8221; _builder_version=&#8221;4.14.8&#8243; _dynamic_attributes=&#8221;button_url&#8221; _module_preset=&#8221;default&#8221; custom_button=&#8221;on&#8221; button_text_color=&#8221;#FFFFFF&#8221; button_font=&#8221;Alata||||||||&#8221; button_icon=&#8221;&#xe00e;||divi||400&#8243; button_icon_color=&#8221;#FFFFFF&#8221; global_colors_info=&#8221;{}&#8221;][\/et_pb_button][\/et_pb_column][\/et_pb_row][\/et_pb_section]<\/p>\n","protected":false},"excerpt":{"rendered":"<p>DONA\u00a0 Donaciones de equipos electr\u00f3nicos Por organizaciones y empresas &nbsp; Si eres una organizaci\u00f3n o empresa y quieres colaborar donandoequipos inform\u00e1ticos u otros materiales (impresoras, monitores,switch..) para su reutilizaci\u00f3n socialmente responsable, ahorapuedes colaborar con Getafe. Ordenadores en formato de sobremesa y torre \/ Monitores TFT de cualquier tama\u00f1o yformato \/ Impresoras de tecnolog\u00eda l\u00e1ser \/ [&hellip;]<\/p>\n","protected":false},"author":1,"featured_media":0,"parent":0,"menu_order":0,"comment_status":"closed","ping_status":"closed","template":"","meta":{"_et_pb_use_builder":"on","_et_pb_old_content":"","_et_gb_content_width":"","footnotes":""},"class_list":["post-801","page","type-page","status-publish","hentry"],"_links":{"self":[{"href":"https:\/\/getafereutiliza.es\/index.php?rest_route=\/wp\/v2\/pages\/801","targetHints":{"allow":["GET"]}}],"collection":[{"href":"https:\/\/getafereutiliza.es\/index.php?rest_route=\/wp\/v2\/pages"}],"about":[{"href":"https:\/\/getafereutiliza.es\/index.php?rest_route=\/wp\/v2\/types\/page"}],"author":[{"embeddable":true,"href":"https:\/\/getafereutiliza.es\/index.php?rest_route=\/wp\/v2\/users\/1"}],"replies":[{"embeddable":true,"href":"https:\/\/getafereutiliza.es\/index.php?rest_route=%2Fwp%2Fv2%2Fcomments&post=801"}],"version-history":[{"count":7,"href":"https:\/\/getafereutiliza.es\/index.php?rest_route=\/wp\/v2\/pages\/801\/revisions"}],"predecessor-version":[{"id":2445,"href":"https:\/\/getafereutiliza.es\/index.php?rest_route=\/wp\/v2\/pages\/801\/revisions\/2445"}],"wp:attachment":[{"href":"https:\/\/getafereutiliza.es\/index.php?rest_route=%2Fwp%2Fv2%2Fmedia&parent=801"}],"curies":[{"name":"wp","href":"https:\/\/api.w.org\/{rel}","templated":true}]}}