{"id":23652,"date":"2026-01-12T11:59:45","date_gmt":"2026-01-12T09:59:45","guid":{"rendered":"https:\/\/getafereutiliza.es\/?post_type=product&#038;p=23652"},"modified":"2026-04-17T13:35:20","modified_gmt":"2026-04-17T11:35:20","slug":"muneca-7","status":"publish","type":"product","link":"https:\/\/getafereutiliza.es\/?product=muneca-7","title":{"rendered":"MU\u00d1ECA"},"content":{"rendered":"<p>[et_pb_section fb_built=&#8221;1&#8243; custom_padding_last_edited=&#8221;on|phone&#8221; _builder_version=&#8221;4.16&#8243; custom_margin_tablet=&#8221;&#8221; custom_margin_phone=&#8221;0px|0px|0px|0px|false|false&#8221; custom_margin_last_edited=&#8221;on|phone&#8221; custom_padding=&#8221;0px||||false|false&#8221; custom_padding_tablet=&#8221;0px||||false|false&#8221; custom_padding_phone=&#8221;0px||0px||false|false&#8221; global_colors_info=&#8221;{}&#8221;][et_pb_row column_structure=&#8221;1_2,1_2&#8243; _builder_version=&#8221;4.16&#8243; background_size=&#8221;initial&#8221; background_position=&#8221;top_left&#8221; background_repeat=&#8221;repeat&#8221; width=&#8221;100%&#8221; custom_margin=&#8221;121px||||false|false&#8221; custom_margin_tablet=&#8221;121px||||false|false&#8221; custom_margin_phone=&#8221;0px||||false|false&#8221; custom_margin_last_edited=&#8221;on|phone&#8221; custom_padding=&#8221;0px|5px||5px|false|false&#8221; global_colors_info=&#8221;{}&#8221;][et_pb_column type=&#8221;1_2&#8243; _builder_version=&#8221;4.16&#8243; custom_padding=&#8221;|||&#8221; global_colors_info=&#8221;{}&#8221; custom_padding__hover=&#8221;|||&#8221;][et_pb_wc_images _builder_version=&#8221;4.16&#8243; global_colors_info=&#8221;{}&#8221;][\/et_pb_wc_images][\/et_pb_column][et_pb_column type=&#8221;1_2&#8243; _builder_version=&#8221;4.16&#8243; custom_padding=&#8221;|||&#8221; global_colors_info=&#8221;{}&#8221; custom_padding__hover=&#8221;|||&#8221;][et_pb_wc_title _builder_version=&#8221;4.16&#8243; header_text_color=&#8221;#000000&#8243; global_colors_info=&#8221;{}&#8221;][\/et_pb_wc_title][et_pb_wc_description _builder_version=&#8221;4.16&#8243; body_text_color=&#8221;#000000&#8243; global_colors_info=&#8221;{}&#8221;][\/et_pb_wc_description][et_pb_wc_add_to_cart show_quantity=&#8221;off&#8221; _builder_version=&#8221;4.16&#8243; dropdown_menus_text_color=&#8221;#000000&#8243; dropdown_menus_focus_text_color=&#8221;#000000&#8243; custom_button=&#8221;on&#8221; button_text_color=&#8221;#000000&#8243; button_border_color=&#8221;#000000&#8243; button_border_radius=&#8221;100px&#8221; button_font=&#8221;Roboto|700|||||||&#8221; global_colors_info=&#8221;{}&#8221;][\/et_pb_wc_add_to_cart][et_pb_wc_tabs include_tabs=&#8221;|additional_information&#8221; _builder_version=&#8221;4.16&#8243; body_font=&#8221;Roboto|900|||||||&#8221; body_text_color=&#8221;#000000&#8243; global_colors_info=&#8221;{}&#8221;] [\/et_pb_wc_tabs][\/et_pb_column][\/et_pb_row][\/et_pb_section]<\/p>\n","protected":false},"excerpt":{"rendered":"<p>Inspirada en el dise\u00f1o del personaje de Ariel, La Sirenita, de Glen Keane, esta interpretaci\u00f3n de ni\u00f1a recupera la naturaleza de esp\u00edritu libre de la princesa submarina original. En esta edici\u00f3n con nuevo atuendo, Ariel est\u00e1 m\u00e1s vivaracha que nunca. En homenaje a la animaci\u00f3n cl\u00e1sica de Disney, hemos creado nuestra versi\u00f3n infantil de nuestras princesas Disney.<\/p>\n","protected":false},"featured_media":23653,"template":"","meta":{"_et_pb_use_builder":"on","_et_pb_old_content":"","_et_gb_content_width":""},"product_cat":[22],"product_tag":[],"class_list":{"0":"post-23652","1":"product","2":"type-product","3":"status-publish","4":"has-post-thumbnail","6":"product_cat-juegos-y-juguetes","8":"first","9":"instock","10":"sold-individually","11":"shipping-taxable","12":"purchasable","13":"product-type-simple"},"_links":{"self":[{"href":"https:\/\/getafereutiliza.es\/index.php?rest_route=\/wp\/v2\/product\/23652","targetHints":{"allow":["GET"]}}],"collection":[{"href":"https:\/\/getafereutiliza.es\/index.php?rest_route=\/wp\/v2\/product"}],"about":[{"href":"https:\/\/getafereutiliza.es\/index.php?rest_route=\/wp\/v2\/types\/product"}],"wp:featuredmedia":[{"embeddable":true,"href":"https:\/\/getafereutiliza.es\/index.php?rest_route=\/wp\/v2\/media\/23653"}],"wp:attachment":[{"href":"https:\/\/getafereutiliza.es\/index.php?rest_route=%2Fwp%2Fv2%2Fmedia&parent=23652"}],"wp:term":[{"taxonomy":"product_cat","embeddable":true,"href":"https:\/\/getafereutiliza.es\/index.php?rest_route=%2Fwp%2Fv2%2Fproduct_cat&post=23652"},{"taxonomy":"product_tag","embeddable":true,"href":"https:\/\/getafereutiliza.es\/index.php?rest_route=%2Fwp%2Fv2%2Fproduct_tag&post=23652"}],"curies":[{"name":"wp","href":"https:\/\/api.w.org\/{rel}","templated":true}]}}